{"id":12,"date":"2019-01-21T12:29:35","date_gmt":"2019-01-21T11:29:35","guid":{"rendered":"http:\/\/samaniego.pixelm.io\/blog\/"},"modified":"2023-03-09T09:02:45","modified_gmt":"2023-03-09T08:02:45","slug":"noticias","status":"publish","type":"page","link":"https:\/\/samaniego.org\/eu\/noticias\/","title":{"rendered":"Berriak"},"content":{"rendered":"<div data-elementor-type=\"wp-page\" data-elementor-id=\"12\" class=\"elementor elementor-12\" data-elementor-post-type=\"page\">\n\t\t\t\t\t\t<section class=\"elementor-section elementor-top-section elementor-element elementor-element-32bdbc80 elementor-section-content-middle elementor-section-boxed elementor-section-height-default elementor-section-height-default\" data-id=\"32bdbc80\" data-element_type=\"section\">\n\t\t\t\t\t\t<div class=\"elementor-container elementor-column-gap-no\">\n\t\t\t\t\t<div class=\"elementor-column elementor-col-100 elementor-top-column elementor-element elementor-element-6f612674\" data-id=\"6f612674\" data-element_type=\"column\">\n\t\t\t<div class=\"elementor-widget-wrap elementor-element-populated\">\n\t\t\t\t\t\t<div class=\"elementor-element elementor-element-f3ec9ab uael-heading-align-center elementor-widget elementor-widget-uael-advanced-heading\" data-id=\"f3ec9ab\" data-element_type=\"widget\" data-widget_type=\"uael-advanced-heading.default\">\n\t\t\t\t<div class=\"elementor-widget-container\">\n\t\t\t\t\t\n\t\t<div class=\"uael-module-content uael-heading-wrapper\">\n\t\t\t\t\t\t\n\t\t\t<h2 class=\"uael-heading\">\n\t\t\t\t\t\t\t\t\t\t<span class=\"uael-heading-text elementor-inline-editing uael-size--default\" data-elementor-setting-key=\"heading_title\" data-elementor-inline-editing-toolbar=\"basic\">Samaniego Abesbatzaren Berriak<\/span>\n\t\t\t\t\t\t\t<\/h2>\n\n\t\t\t\n\t\t\t\t\t\t<div class=\"uael-module-content uael-separator-parent\">\n\t\t\t\t\t\t\t\t<div class=\"uael-separator-wrap\">\n\t\t\t\t\t<div class=\"uael-separator-line uael-side-left\">\n\t\t\t\t\t\t<span><\/span>\n\t\t\t\t\t<\/div>\n\t\t\t\t\t<div class=\"uael-divider-content\">\n\t\t\t\t\t\t\t\t\t<div class=\"uael-module-content uael-imgicon-wrap elementor-animation-\">\t\t\t\t\t\t\t\t\n\t\t\t\t\t\t\t\t\t\t\t\t\t<div class=\"uael-image\" itemscope itemtype=\"http:\/\/schema.org\/ImageObject\">\n\t\t\t\t\t\t<div class=\"uael-image-content\">\n\t\t\t\t\t\t\t<img decoding=\"async\" class=\"uael-photo-img\" src=\"https:\/\/samaniego.org\/wp-content\/uploads\/2023\/03\/sol.png\" alt=\"sol\">\t\t\t\t\t\t<\/div>\n\t\t\t\t\t<\/div>\n\t\t\t\t\t\t\t<\/div>\n\t\t\t\t\t\t\t\t\t\n\t\t\t\t\t<\/div>\n\t\t\t\t\t<div class=\"uael-separator-line uael-side-right\">\n\t\t\t\t\t\t<span><\/span>\n\t\t\t\t\t<\/div>\n\t\t\t\t<\/div>\n\t\t\t\t\t\t\t\t\t\t<\/div>\n\t\t\t\n\t\t\t\n\t\t\t\t\t\t<\/div>\n\t\t\t\t\t\t<\/div>\n\t\t\t\t<\/div>\n\t\t\t\t\t<\/div>\n\t\t<\/div>\n\t\t\t\t\t<\/div>\n\t\t<\/section>\n\t\t\t\t<section class=\"elementor-section elementor-top-section elementor-element elementor-element-f7c5431 elementor-section-boxed elementor-section-height-default elementor-section-height-default\" data-id=\"f7c5431\" data-element_type=\"section\">\n\t\t\t\t\t\t<div class=\"elementor-container elementor-column-gap-default\">\n\t\t\t\t\t<div class=\"elementor-column elementor-col-50 elementor-top-column elementor-element elementor-element-e32de10\" data-id=\"e32de10\" data-element_type=\"column\">\n\t\t\t<div class=\"elementor-widget-wrap elementor-element-populated\">\n\t\t\t\t\t\t<div class=\"elementor-element elementor-element-e193dfa elementor-widget elementor-widget-heading\" data-id=\"e193dfa\" data-element_type=\"widget\" data-widget_type=\"heading.default\">\n\t\t\t\t<div class=\"elementor-widget-container\">\n\t\t\t\t\t<h2 class=\"elementor-heading-title elementor-size-default\">Samaniego Abesbatzaren Facebook-a<\/h2>\t\t\t\t<\/div>\n\t\t\t\t<\/div>\n\t\t\t\t<div class=\"elementor-element elementor-element-a76f82d elementor-widget elementor-widget-text-editor\" data-id=\"a76f82d\" data-element_type=\"widget\" data-widget_type=\"text-editor.default\">\n\t\t\t\t<div class=\"elementor-widget-container\">\n\t\t\t\t\t\t\t\t\t<p class=\"translation-block\">Hau da <a href=\"https:\/\/www.facebook.com\/samaniegoabesbatza\/\" target=\"_blank\" rel=\"noopener\">Samaniego Abesbatzaren Facebook-a<\/a>; bertan izango duzu gure albisteen berri.<\/p><p>Jarrai gaitzazu eta ez duzu gure emanaldirik galduko.<\/p><p>Tambi\u00e9n nos podr\u00e1s encontrar en <a href=\"https:\/\/twitter.com\/corosamaniego\" target=\"_blank\" rel=\"noopener\">Twitter<\/a>\u00a0y <a href=\"https:\/\/www.youtube.com\/user\/corosamaniego\" target=\"_blank\" rel=\"noopener\">YouTube<\/a><\/p><p><strong>ULTIMAS NOTICIAS \/ AZKEN BERRIAK:<\/strong><\/p><p>El 14\/01\/2022 el Deportivo Alav\u00e9s ha presentado el documental que recoge la grabaci\u00f3n de los 3 himnos que ha tenido en estos 100 a\u00f1os de historia.<\/p><p>Nuestro coro ha participado en la grabaci\u00f3n de 2 de esos 3 himnos.<\/p><p>Pod\u00e9is ver el documental aqu\u00ed:<\/p>\t\t\t\t\t\t\t\t<\/div>\n\t\t\t\t<\/div>\n\t\t\t\t<div class=\"elementor-element elementor-element-7dd5e16 elementor-widget elementor-widget-video\" data-id=\"7dd5e16\" data-element_type=\"widget\" data-settings=\"{&quot;youtube_url&quot;:&quot;https:\\\/\\\/www.youtube.com\\\/watch?v=FjpjuaGW63A&quot;,&quot;video_type&quot;:&quot;youtube&quot;,&quot;controls&quot;:&quot;yes&quot;}\" data-widget_type=\"video.default\">\n\t\t\t\t<div class=\"elementor-widget-container\">\n\t\t\t\t\t\t\t<div class=\"elementor-wrapper elementor-open-inline\">\n\t\t\t<div class=\"elementor-video\"><\/div>\t\t<\/div>\n\t\t\t\t\t\t<\/div>\n\t\t\t\t<\/div>\n\t\t\t\t\t<\/div>\n\t\t<\/div>\n\t\t\t\t<div class=\"elementor-column elementor-col-50 elementor-top-column elementor-element elementor-element-9dd8a3b\" data-id=\"9dd8a3b\" data-element_type=\"column\">\n\t\t\t<div class=\"elementor-widget-wrap elementor-element-populated\">\n\t\t\t\t\t\t<div class=\"elementor-element elementor-element-ee6bc21 elementor-widget elementor-widget-facebook-page\" data-id=\"ee6bc21\" data-element_type=\"widget\" data-widget_type=\"facebook-page.default\">\n\t\t\t\t<div class=\"elementor-widget-container\">\n\t\t\t\t\t<div class=\"elementor-facebook-widget fb-page\" data-href=\"https:\/\/www.facebook.com\/samaniegoabesbatza\/\" data-tabs=\"timeline,events,messages\" data-height=\"px\" data-width=\"500px\" data-small-header=\"true\" data-hide-cover=\"false\" data-show-facepile=\"true\" data-hide-cta=\"false\" style=\"min-height: 1px;height:px\"><\/div>\t\t\t\t<\/div>\n\t\t\t\t<\/div>\n\t\t\t\t\t<\/div>\n\t\t<\/div>\n\t\t\t\t\t<\/div>\n\t\t<\/section>\n\t\t\t\t<\/div>","protected":false},"excerpt":{"rendered":"<p>Noticias del Coro Samaniego El Facebook del Coro Samaniego \u00c9ste es el Facebook del Coro Samaniego, d\u00f3nde podr\u00e1s enterarte de nuestras noticias. S\u00edguenos y no te perder\u00e1s ninguna actuaci\u00f3n nuestra. Tambi\u00e9n nos podr\u00e1s encontrar en Twitter\u00a0y YouTube ULTIMAS NOTICIAS \/ AZKEN BERRIAK: El 14\/01\/2022 el Deportivo Alav\u00e9s ha presentado el documental que recoge la grabaci\u00f3n &#8230; <a title=\"Berriak\" class=\"read-more\" href=\"https:\/\/samaniego.org\/eu\/noticias\/\" aria-label=\"Read more about Noticias\">Read more<\/a><\/p>","protected":false},"author":1,"featured_media":0,"parent":0,"menu_order":0,"comment_status":"closed","ping_status":"closed","template":"","meta":{"footnotes":""},"class_list":["post-12","page","type-page","status-publish"],"_links":{"self":[{"href":"https:\/\/samaniego.org\/eu\/wp-json\/wp\/v2\/pages\/12","targetHints":{"allow":["GET"]}}],"collection":[{"href":"https:\/\/samaniego.org\/eu\/wp-json\/wp\/v2\/pages"}],"about":[{"href":"https:\/\/samaniego.org\/eu\/wp-json\/wp\/v2\/types\/page"}],"author":[{"embeddable":true,"href":"https:\/\/samaniego.org\/eu\/wp-json\/wp\/v2\/users\/1"}],"replies":[{"embeddable":true,"href":"https:\/\/samaniego.org\/eu\/wp-json\/wp\/v2\/comments?post=12"}],"version-history":[{"count":5,"href":"https:\/\/samaniego.org\/eu\/wp-json\/wp\/v2\/pages\/12\/revisions"}],"predecessor-version":[{"id":1435,"href":"https:\/\/samaniego.org\/eu\/wp-json\/wp\/v2\/pages\/12\/revisions\/1435"}],"wp:attachment":[{"href":"https:\/\/samaniego.org\/eu\/wp-json\/wp\/v2\/media?parent=12"}],"curies":[{"name":"wp","href":"https:\/\/api.w.org\/{rel}","templated":true}]}}